{"id":660,"date":"2020-04-21T08:48:32","date_gmt":"2020-04-21T06:48:32","guid":{"rendered":"https:\/\/www.kfo-suedring.de\/about-us\/practice\/"},"modified":"2020-04-21T15:02:40","modified_gmt":"2020-04-21T13:02:40","slug":"practice","status":"publish","type":"page","link":"https:\/\/www.kfo-suedring.de\/en\/about-us\/practice\/","title":{"rendered":"Practice"},"content":{"rendered":"\t\t<div data-elementor-type=\"wp-page\" data-elementor-id=\"660\" class=\"elementor elementor-660\" data-elementor-post-type=\"page\">\n\t\t\t\t\t\t<section class=\"elementor-section elementor-top-section elementor-element elementor-element-3546608 elementor-section-boxed elementor-section-height-default elementor-section-height-default\" data-id=\"3546608\" data-element_type=\"section\" data-e-type=\"section\" data-settings=\"{&quot;background_background&quot;:&quot;classic&quot;}\">\n\t\t\t\t\t\t<div class=\"elementor-container elementor-column-gap-default\">\n\t\t\t\t\t<div class=\"elementor-column elementor-col-100 elementor-top-column elementor-element elementor-element-329aa10a\" data-id=\"329aa10a\" data-element_type=\"column\" data-e-type=\"column\">\n\t\t\t<div class=\"elementor-widget-wrap elementor-element-populated\">\n\t\t\t\t\t\t<div class=\"elementor-element elementor-element-bb3ee85 teiler elementor-widget elementor-widget-heading\" data-id=\"bb3ee85\" data-element_type=\"widget\" data-e-type=\"widget\" data-widget_type=\"heading.default\">\n\t\t\t\t<div class=\"elementor-widget-container\">\n\t\t\t\t\t<h1 class=\"elementor-heading-title elementor-size-default\">Our<br>\nPractice <\/h1>\t\t\t\t<\/div>\n\t\t\t\t<\/div>\n\t\t\t\t\t<\/div>\n\t\t<\/div>\n\t\t\t\t\t<\/div>\n\t\t<\/section>\n\t\t\t\t<section class=\"elementor-section elementor-top-section elementor-element elementor-element-3ddebeb9 elementor-section-boxed elementor-section-height-default elementor-section-height-default\" data-id=\"3ddebeb9\" data-element_type=\"section\" data-e-type=\"section\">\n\t\t\t\t\t\t<div class=\"elementor-container elementor-column-gap-default\">\n\t\t\t\t\t<div class=\"elementor-column elementor-col-50 elementor-top-column elementor-element elementor-element-7530f194\" data-id=\"7530f194\" data-element_type=\"column\" data-e-type=\"column\">\n\t\t\t<div class=\"elementor-widget-wrap elementor-element-populated\">\n\t\t\t\t\t\t<div class=\"elementor-element elementor-element-833e9e1 elementor-widget elementor-widget-heading\" data-id=\"833e9e1\" data-element_type=\"widget\" data-e-type=\"widget\" data-widget_type=\"heading.default\">\n\t\t\t\t<div class=\"elementor-widget-container\">\n\t\t\t\t\t<h3 class=\"elementor-heading-title elementor-size-default\"> Easily accessible <\/h3>\t\t\t\t<\/div>\n\t\t\t\t<\/div>\n\t\t\t\t\t<\/div>\n\t\t<\/div>\n\t\t\t\t<div class=\"elementor-column elementor-col-50 elementor-top-column elementor-element elementor-element-37a74991\" data-id=\"37a74991\" data-element_type=\"column\" data-e-type=\"column\">\n\t\t\t<div class=\"elementor-widget-wrap elementor-element-populated\">\n\t\t\t\t\t\t<div class=\"elementor-element elementor-element-29e7747c elementor-widget elementor-widget-text-editor\" data-id=\"29e7747c\" data-element_type=\"widget\" data-e-type=\"widget\" data-widget_type=\"text-editor.default\">\n\t\t\t\t<div class=\"elementor-widget-container\">\n\t\t\t\t\t\t\t\t\t<div class=\"content col-sm-10\">\n<div class=\"contentContainer_0\">\n<div class=\"contentelement layout0\">\n<div id=\"c61\" class=\"frame frame-default frame-type-text frame-layout-0\">\n<h3 class=\"\">Orthodontics in a familiar atmosphere<\/h3>\n<p>Our practice is located in a new modern building on Aachener Stra\u00dfe at the corner of S\u00fcdring in D\u00fcsseldorf-Bilk, not far from Aachener Platz.<br \/>The entrance is on the third floor in Aachener Stra\u00dfe 126. ou can reach us comfortably and barrier-free via the elevator. The practice rooms are also suitable for wheelchair users. If you arrive by car, there is plenty of parking space available on the parking deck at the back of the building. There is also a second entrance, so that you can enter the building directly from the parking deck.<\/p>\n<p>The entrance to our parking spaces is also located on Aachener Stra\u00dfe, slightly to the right of the main entrance. (The GPS coordinates are 51\u00b011&#8217;56.15&#8221; North 6\u00b046&#8217;13.70&#8221; East).<br \/>By public transport, the best way to reach us is to take the U72 line (stop &#8220;S\u00fcdring&#8221;).<br \/>It is located directly in front of the building.<\/p>\n<\/div>\n<\/div>\n<div class=\"contentelement layout0\">\n<div id=\"c62\" class=\"frame frame-default frame-type-text frame-layout-0 frame-space-after-small\">\n<h3>We are easily accessible for our patients because of:<\/h3>\n<ul>\n<li>long opening hours, by appointment also on weekends<\/li>\n<li>good transport connections by bicycle, public transport and car<\/li>\n<li>very good motorway connection (A 46, Bilk exit)<\/li>\n<li>many free parking places<\/li>\n<li>parking facilities for bicycles.<\/li>\n<\/ul>\n<p>We offer you short waiting times in a pleasant and familiar atmosphere and beautifully designed bright, new practice rooms. Children have their own place to play in our waiting room. For babies there is a nappy-changing facility in our sanitary area.<\/p>\n<p>You are the center of our attention. We attach great importance to the fact that you feel comfortable with us.<\/p>\n<\/div>\n<\/div>\n<\/div>\n<\/div>\n\t\t\t\t\t\t\t\t<\/div>\n\t\t\t\t<\/div>\n\t\t\t\t\t<\/div>\n\t\t<\/div>\n\t\t\t\t\t<\/div>\n\t\t<\/section>\n\t\t\t\t<\/div>\n\t\t","protected":false},"excerpt":{"rendered":"<p>Our Practice Easily accessible Orthodontics in a familiar atmosphere Our practice is located in a new modern building on Aachener Stra\u00dfe at the corner of S\u00fcdring in D\u00fcsseldorf-Bilk, not far from Aachener Platz. The entrance is on the third floor in Aachener Stra\u00dfe 126. ou can reach us comfortably and barrier-free via the elevator. The [&hellip;]<\/p>\n","protected":false},"author":1,"featured_media":572,"parent":641,"menu_order":0,"comment_status":"closed","ping_status":"closed","template":"","meta":{"footnotes":""},"class_list":["post-660","page","type-page","status-publish","has-post-thumbnail","hentry"],"aioseo_notices":[],"_links":{"self":[{"href":"https:\/\/www.kfo-suedring.de\/en\/wp-json\/wp\/v2\/pages\/660","targetHints":{"allow":["GET"]}}],"collection":[{"href":"https:\/\/www.kfo-suedring.de\/en\/wp-json\/wp\/v2\/pages"}],"about":[{"href":"https:\/\/www.kfo-suedring.de\/en\/wp-json\/wp\/v2\/types\/page"}],"author":[{"embeddable":true,"href":"https:\/\/www.kfo-suedring.de\/en\/wp-json\/wp\/v2\/users\/1"}],"replies":[{"embeddable":true,"href":"https:\/\/www.kfo-suedring.de\/en\/wp-json\/wp\/v2\/comments?post=660"}],"version-history":[{"count":3,"href":"https:\/\/www.kfo-suedring.de\/en\/wp-json\/wp\/v2\/pages\/660\/revisions"}],"predecessor-version":[{"id":873,"href":"https:\/\/www.kfo-suedring.de\/en\/wp-json\/wp\/v2\/pages\/660\/revisions\/873"}],"up":[{"embeddable":true,"href":"https:\/\/www.kfo-suedring.de\/en\/wp-json\/wp\/v2\/pages\/641"}],"wp:featuredmedia":[{"embeddable":true,"href":"https:\/\/www.kfo-suedring.de\/en\/wp-json\/wp\/v2\/media\/572"}],"wp:attachment":[{"href":"https:\/\/www.kfo-suedring.de\/en\/wp-json\/wp\/v2\/media?parent=660"}],"curies":[{"name":"wp","href":"https:\/\/api.w.org\/{rel}","templated":true}]}}